{"id":117,"date":"2022-09-24T00:18:14","date_gmt":"2022-09-24T00:18:14","guid":{"rendered":"https:\/\/thiagomove.com.br\/?page_id=117"},"modified":"2022-09-26T18:27:08","modified_gmt":"2022-09-26T18:27:08","slug":"podcast","status":"publish","type":"page","link":"https:\/\/thiagomove.com.br\/?page_id=117","title":{"rendered":"PODCAST"},"content":{"rendered":"\n<p>Em 2019 resolvi come\u00e7ar a compartilhar conhecimento por meio de \u00e1udio. Sempre fui um ouvinte fiel de alguns podcasts e f\u00e3 desta forma de conte\u00fado, ent\u00e3o percebi que era hora de arriscar um que eu pudesse chamar de &#8220;meu.&#8221;<\/p>\n\n\n<div class=\"wp-block-image\">\n<figure class=\"aligncenter size-large is-resized\"><a href=\"https:\/\/open.spotify.com\/show\/7B3d7mHF0ChdwKlmDcwvSN?si=37f2486bdea5421a\"><img decoding=\"async\" loading=\"lazy\" src=\"https:\/\/thiagomove.com.br\/wp-content\/uploads\/2022\/09\/Anuncio-e-Logos-17-1024x1024.png\" alt=\"\" class=\"wp-image-118\" width=\"368\" height=\"368\" srcset=\"https:\/\/thiagomove.com.br\/wp-content\/uploads\/2022\/09\/Anuncio-e-Logos-17-1024x1024.png 1024w, https:\/\/thiagomove.com.br\/wp-content\/uploads\/2022\/09\/Anuncio-e-Logos-17-300x300.png 300w, https:\/\/thiagomove.com.br\/wp-content\/uploads\/2022\/09\/Anuncio-e-Logos-17-150x150.png 150w, https:\/\/thiagomove.com.br\/wp-content\/uploads\/2022\/09\/Anuncio-e-Logos-17-768x768.png 768w, https:\/\/thiagomove.com.br\/wp-content\/uploads\/2022\/09\/Anuncio-e-Logos-17.png 1080w\" sizes=\"(max-width: 368px) 100vw, 368px\" \/><\/a><figcaption><em><a href=\"https:\/\/open.spotify.com\/show\/7B3d7mHF0ChdwKlmDcwvSN?si=37f2486bdea5421a\" target=\"_blank\" rel=\"noopener\">Logo do MovaCast. Clique aqui para ir ao Spotify<\/a><\/em><\/figcaption><\/figure><\/div>\n\n\n<p>O <a href=\"https:\/\/open.spotify.com\/show\/7B3d7mHF0ChdwKlmDcwvSN?si=37f2486bdea5421a\" target=\"_blank\" rel=\"noopener\">MOVACAST<\/a> surgiu por dois objetivos, sem falso romantismo aqui.<\/p>\n\n\n\n<p>Meu primeiro objetivo era trazer conte\u00fado para voc\u00eas. Assim como eu j\u00e1 aprendi muito escutando, percebi que era hora de levar isto adiante.<\/p>\n\n\n\n<p>O segundo objetivo era me obrigar a estudar um tema toda semana, assim eu trazia um conte\u00fado diferente para o canal. Al\u00e9m disso, eu tamb\u00e9m desenvolvia melhor minha comunica\u00e7\u00e3o e capacidade de explicar as coisas.<\/p>\n\n\n\n<p>Ou seja, consegui unir o \u00fatil ao agrad\u00e1vel.<\/p>\n\n\n\n<p>Desde ent\u00e3o trouxe diferentes formatos de programas, incluindo uma temporada apenas com convidados por meio do <a href=\"https:\/\/open.spotify.com\/show\/7B3d7mHF0ChdwKlmDcwvSN?si=37f2486bdea5421a\" target=\"_blank\" rel=\"noopener\">Mova Entrevista<\/a>.<\/p>\n\n\n\n<p>O conte\u00fado est\u00e1 dispon\u00edvel em todas as plataformas de \u00e1udio.<\/p>\n","protected":false},"excerpt":{"rendered":"<p>Em 2019 resolvi come\u00e7ar a compartilhar conhecimento por meio de \u00e1udio. Sempre fui um ouvinte fiel de alguns podcasts e f\u00e3 desta forma de conte\u00fado, [&hellip;]<\/p>\n","protected":false},"author":1,"featured_media":0,"parent":0,"menu_order":0,"comment_status":"closed","ping_status":"closed","template":"","meta":{"om_disable_all_campaigns":false,"_monsterinsights_skip_tracking":false,"_monsterinsights_sitenote_active":false,"_monsterinsights_sitenote_note":"","_monsterinsights_sitenote_category":0},"aioseo_notices":[],"_links":{"self":[{"href":"https:\/\/thiagomove.com.br\/index.php?rest_route=\/wp\/v2\/pages\/117"}],"collection":[{"href":"https:\/\/thiagomove.com.br\/index.php?rest_route=\/wp\/v2\/pages"}],"about":[{"href":"https:\/\/thiagomove.com.br\/index.php?rest_route=\/wp\/v2\/types\/page"}],"author":[{"embeddable":true,"href":"https:\/\/thiagomove.com.br\/index.php?rest_route=\/wp\/v2\/users\/1"}],"replies":[{"embeddable":true,"href":"https:\/\/thiagomove.com.br\/index.php?rest_route=%2Fwp%2Fv2%2Fcomments&post=117"}],"version-history":[{"count":2,"href":"https:\/\/thiagomove.com.br\/index.php?rest_route=\/wp\/v2\/pages\/117\/revisions"}],"predecessor-version":[{"id":153,"href":"https:\/\/thiagomove.com.br\/index.php?rest_route=\/wp\/v2\/pages\/117\/revisions\/153"}],"wp:attachment":[{"href":"https:\/\/thiagomove.com.br\/index.php?rest_route=%2Fwp%2Fv2%2Fmedia&parent=117"}],"curies":[{"name":"wp","href":"https:\/\/api.w.org\/{rel}","templated":true}]}}