{"id":15,"date":"2022-09-21T22:26:49","date_gmt":"2022-09-21T22:26:49","guid":{"rendered":"https:\/\/thiagomove.com.br\/?page_id=15"},"modified":"2022-12-11T19:19:19","modified_gmt":"2022-12-11T19:19:19","slug":"e-books","status":"publish","type":"page","link":"https:\/\/thiagomove.com.br\/?page_id=15","title":{"rendered":"E-BOOKS"},"content":{"rendered":"\n<p>Se voc\u00ea me acompanha por aqui deve saber que gosto de escrever. Afinal de contas, quem faria um Blog se n\u00e3o gosta de escrever, n\u00e3o \u00e9 mesmo?<\/p>\n\n\n\n<p>Por conta disto, uma das formas que gosto de produzir conte\u00fado \u00e9 por este meio. Voc\u00ea pode se aprofundar um pouco mais em alguns assuntos com alguns dos livros que j\u00e1 lancei.<\/p>\n\n\n\n<p>Fa\u00e7a bom proveito clicando no E-book abaixo que lhe conv\u00e9m.<\/p>\n\n\n\n<ul><li><a href=\"https:\/\/hotmart.com\/pt-br\/marketplace\/produtos\/o-be-a-ba-da-prevencao-um-passo-a-passo-para-prevenir-lesoes-em-qualquer-esporte\/S76840722X\" target=\"_blank\" rel=\"noopener\" title=\"O be-a-b\u00e1 da preven\u00e7\u00e3o: um passo a passo para prevenir les\u00f5es em qualquer esporte\">O be-a-b\u00e1 da preven\u00e7\u00e3o: um passo a passo para prevenir les\u00f5es em qualquer esporte<\/a><\/li><\/ul>\n","protected":false},"excerpt":{"rendered":"<p>Se voc\u00ea me acompanha por aqui deve saber que gosto de escrever. Afinal de contas, quem faria um Blog se n\u00e3o gosta de escrever, n\u00e3o [&hellip;]<\/p>\n","protected":false},"author":1,"featured_media":0,"parent":0,"menu_order":0,"comment_status":"closed","ping_status":"closed","template":"","meta":{"om_disable_all_campaigns":false,"_monsterinsights_skip_tracking":false,"_monsterinsights_sitenote_active":false,"_monsterinsights_sitenote_note":"","_monsterinsights_sitenote_category":0},"aioseo_notices":[],"_links":{"self":[{"href":"https:\/\/thiagomove.com.br\/index.php?rest_route=\/wp\/v2\/pages\/15"}],"collection":[{"href":"https:\/\/thiagomove.com.br\/index.php?rest_route=\/wp\/v2\/pages"}],"about":[{"href":"https:\/\/thiagomove.com.br\/index.php?rest_route=\/wp\/v2\/types\/page"}],"author":[{"embeddable":true,"href":"https:\/\/thiagomove.com.br\/index.php?rest_route=\/wp\/v2\/users\/1"}],"replies":[{"embeddable":true,"href":"https:\/\/thiagomove.com.br\/index.php?rest_route=%2Fwp%2Fv2%2Fcomments&post=15"}],"version-history":[{"count":2,"href":"https:\/\/thiagomove.com.br\/index.php?rest_route=\/wp\/v2\/pages\/15\/revisions"}],"predecessor-version":[{"id":232,"href":"https:\/\/thiagomove.com.br\/index.php?rest_route=\/wp\/v2\/pages\/15\/revisions\/232"}],"wp:attachment":[{"href":"https:\/\/thiagomove.com.br\/index.php?rest_route=%2Fwp%2Fv2%2Fmedia&parent=15"}],"curies":[{"name":"wp","href":"https:\/\/api.w.org\/{rel}","templated":true}]}}