{"id":188,"date":"2023-03-21T19:45:02","date_gmt":"2023-03-21T19:45:02","guid":{"rendered":"https:\/\/thiagomove.com.br\/?page_id=188"},"modified":"2025-03-03T23:59:15","modified_gmt":"2025-03-03T23:59:15","slug":"consultoria-on-line","status":"publish","type":"page","link":"https:\/\/thiagomove.com.br\/?page_id=188","title":{"rendered":"CONSULTORIA ONLINE"},"content":{"rendered":"\n<p class=\"has-brown-color has-text-color has-larger-font-size\"><strong>Gest\u00e3o de Sa\u00fade e Performance: Mais do que Consultoria, um Acompanhamento Estrat\u00e9gico<\/strong><\/p>\n\n\n\n<p>Com anos de experi\u00eancia no trabalho com <strong>atletas profissionais e amadores<\/strong>, desenvolvi um modelo de acompanhamento que vai al\u00e9m da simples prescri\u00e7\u00e3o de treinos. Meu foco \u00e9 a <strong>gest\u00e3o completa da sua sa\u00fade e performance<\/strong>, garantindo que voc\u00ea evolua com seguran\u00e7a, <strong>evitando les\u00f5es e acelerando sua recupera\u00e7\u00e3o<\/strong> caso j\u00e1 tenha passado por um processo de reabilita\u00e7\u00e3o.<\/p>\n\n\n\n<p>Seja voc\u00ea um atleta de alto rendimento, um praticante que busca evolu\u00e7\u00e3o sem riscos ou algu\u00e9m que deseja <strong>retornar ao esporte ap\u00f3s uma les\u00e3o<\/strong>, meu objetivo \u00e9 estruturar um planejamento totalmente individualizado, baseado em ci\u00eancia e nas demandas do seu esporte ou rotina.<\/p>\n\n\n\n<p>Atualmente, atendo clientes em tr\u00eas continentes com um modelo de acompanhamento que inclui:<br>\u2705 <strong>Planilhas de treino personalizadas<\/strong>, ajustadas conforme sua evolu\u00e7\u00e3o e hist\u00f3rico de les\u00f5es;<br>\u2705 <strong>Reuni\u00f5es estrat\u00e9gicas mensais<\/strong>, garantindo um planejamento alinhado com seus objetivos;<br>\u2705 <strong>Suporte cont\u00ednuo via WhatsApp<\/strong>, para ajustes e d\u00favidas sempre que necess\u00e1rio;<br>\u2705 <strong>Sess\u00f5es s\u00edncronas<\/strong>, dependendo do plano escolhido, para um acompanhamento ainda mais detalhado;<br>\u2705 <strong>Protocolos de preven\u00e7\u00e3o e reabilita\u00e7\u00e3o de les\u00f5es<\/strong>, com estrat\u00e9gias baseadas em evid\u00eancias cient\u00edficas.<\/p>\n\n\n\n<h3 class=\"wp-block-heading\"><strong>Para quem \u00e9 a consultoria?<\/strong><\/h3>\n\n\n\n<p>\ud83d\udd39 <strong>Atletas profissionais e amadores<\/strong> que desejam evoluir com seguran\u00e7a e efici\u00eancia;<br>\ud83d\udd39 <strong>Praticantes de exerc\u00edcio f\u00edsico<\/strong> que querem melhorar a performance sem riscos de les\u00e3o;<br>\ud83d\udd39 <strong>Pessoas em retorno ao esporte<\/strong>, que precisam de um acompanhamento estruturado ap\u00f3s reabilita\u00e7\u00e3o.<\/p>\n\n\n\n<p>Maior parte hoje dos meus atletas buscam a preven\u00e7\u00e3o no esporte, principalmente futebol e triathlon, ou buscam reabilita\u00e7\u00e3o, principalmente p\u00f3s-operat\u00f3rios de joelho e les\u00f5es de quadril e p\u00fabis.<\/p>\n\n\n\n<h3 class=\"wp-block-heading\"><strong>Como funciona o acompanhamento?<\/strong><\/h3>\n\n\n\n<p>\ud83d\udcc5 <strong>Reuni\u00f5es mensais por videoconfer\u00eancia<\/strong> para ajustes estrat\u00e9gicos no planejamento;<br>\ud83d\udcf2 <strong>Suporte cont\u00ednuo via WhatsApp<\/strong> para orienta\u00e7\u00f5es e ajustes em tempo real;<br>\ud83d\udccc <strong>Sess\u00f5es s\u00edncronas personalizadas<\/strong>, dispon\u00edveis conforme o plano escolhido;<br>\u2695\ufe0f <strong>Foco na preven\u00e7\u00e3o e reabilita\u00e7\u00e3o de les\u00f5es<\/strong>, garantindo uma progress\u00e3o segura e eficiente.<\/p>\n\n\n\n<h3 class=\"wp-block-heading\"><strong>Qual o investimento?<\/strong><\/h3>\n\n\n\n<p>O valor varia conforme o plano e o n\u00edvel de acompanhamento. Entre em contato para encontrar a melhor op\u00e7\u00e3o para voc\u00ea.<\/p>\n\n\n\n<p>\ud83d\udcf2 <strong>Clique <a href=\"https:\/\/wa.me\/554888601656\" title=\"\">aqui<\/a> e inicie sua jornada rumo \u00e0 alta performance com um acompanhamento especializado!<\/strong><\/p>\n","protected":false},"excerpt":{"rendered":"<p>Gest\u00e3o de Sa\u00fade e Performance: Mais do que Consultoria, um Acompanhamento Estrat\u00e9gico Com anos de experi\u00eancia no trabalho com atletas profissionais e amadores, desenvolvi um [&hellip;]<\/p>\n","protected":false},"author":1,"featured_media":0,"parent":0,"menu_order":0,"comment_status":"closed","ping_status":"closed","template":"","meta":{"om_disable_all_campaigns":false,"_monsterinsights_skip_tracking":false,"_monsterinsights_sitenote_active":false,"_monsterinsights_sitenote_note":"","_monsterinsights_sitenote_category":0},"aioseo_notices":[],"_links":{"self":[{"href":"https:\/\/thiagomove.com.br\/index.php?rest_route=\/wp\/v2\/pages\/188"}],"collection":[{"href":"https:\/\/thiagomove.com.br\/index.php?rest_route=\/wp\/v2\/pages"}],"about":[{"href":"https:\/\/thiagomove.com.br\/index.php?rest_route=\/wp\/v2\/types\/page"}],"author":[{"embeddable":true,"href":"https:\/\/thiagomove.com.br\/index.php?rest_route=\/wp\/v2\/users\/1"}],"replies":[{"embeddable":true,"href":"https:\/\/thiagomove.com.br\/index.php?rest_route=%2Fwp%2Fv2%2Fcomments&post=188"}],"version-history":[{"count":6,"href":"https:\/\/thiagomove.com.br\/index.php?rest_route=\/wp\/v2\/pages\/188\/revisions"}],"predecessor-version":[{"id":477,"href":"https:\/\/thiagomove.com.br\/index.php?rest_route=\/wp\/v2\/pages\/188\/revisions\/477"}],"wp:attachment":[{"href":"https:\/\/thiagomove.com.br\/index.php?rest_route=%2Fwp%2Fv2%2Fmedia&parent=188"}],"curies":[{"name":"wp","href":"https:\/\/api.w.org\/{rel}","templated":true}]}}