{"id":400,"date":"2024-01-12T16:41:58","date_gmt":"2024-01-12T16:41:58","guid":{"rendered":"https:\/\/thiagomove.com.br\/?page_id=400"},"modified":"2024-05-13T20:54:54","modified_gmt":"2024-05-13T20:54:54","slug":"duvidas-comuns","status":"publish","type":"page","link":"https:\/\/thiagomove.com.br\/?page_id=400","title":{"rendered":"D\u00daVIDAS COMUNS"},"content":{"rendered":"\n<p class=\"has-text-align-center\"><strong>O que \u00e9 Fisioterapia Esportiva?<\/strong><\/p>\n\n\n\n<p>Fisioterapia Esportiva \u00e9 uma especialidade reconhecida pelo COFFITO. Para ser especialista \u00e9 necess\u00e1rio fazer uma prova, comprovar experi\u00eancia e t\u00edtulos na \u00e1rea. Nessa especialidade trabalhamos com les\u00f5es que prov\u00e9m do esporte, com intuito de prevenir ou tratar destas.<\/p>\n\n\n\n<p class=\"has-text-align-center\"><strong>Fisioterapia Esportiva \u00e9 s\u00f3 para atleta?<\/strong><\/p>\n\n\n\n<p>N\u00e3o. A Fisioterapia Esportiva come\u00e7ou, exclusivamente, com atletas. Seu in\u00edcio foi principalmente nos clubes esportivos, por\u00e9m com o aumento da pr\u00e1tica de exerc\u00edcio f\u00edsico e demanda de atletas amadores, percebeu-se a necessidade da especialidade trabalhar com esse publico.<\/p>\n\n\n\n<p>A Fisioterapia Esportiva \u00e9 para atletas profissionais, amadores, praticantes de atividade f\u00edsica, indiv\u00edduos que desejam iniciar em alguma atividade f\u00edsica ou <em>performar<\/em> tamb\u00e9m no dia-a-dia, n\u00e3o necessariamente apenas no esporte.<\/p>\n\n\n\n<p class=\"has-text-align-center\"><strong>Como \u00e9 uma consulta com voc\u00ea?<\/strong><\/p>\n\n\n\n<p>A consulta \u00e9 o ponto principal de qualquer tratamento ou plano preventivo, pois a partir dela \u00e9 poss\u00edvel identificar os pontos a serem trabalhados. Toda consulta \u00e9 individual, onde retiro todas as informa\u00e7\u00f5es importantes e percebemos atrav\u00e9s do exame f\u00edsico quais as necessidades a serem trabalhadas.<\/p>\n\n\n\n<p class=\"has-text-align-center\"><strong>Na primeira sess\u00e3o possui atendimento?<\/strong><\/p>\n\n\n\n<p>Depende. A primeira sess\u00e3o pode estar dentro da consulta, sim. No primeiro contato a consulta \u00e9 importante para tra\u00e7ar plano de tratamento ou preven\u00e7\u00e3o. O contexto e o caso pode influenciar, mas geralmente iniciamos os atendimentos j\u00e1 no primeiro contato ap\u00f3s encerrar o exame f\u00edsico.<\/p>\n\n\n\n<p class=\"has-text-align-center\"><strong>Voc\u00ea atende planos e conv\u00eanios?<\/strong><\/p>\n\n\n\n<p>N\u00e3o, e o motivo \u00e9 claro e simples: N\u00e3o \u00e9 poss\u00edvel prestar servi\u00e7o individual, personalizado, com calma e atendendo as reais necessidades do paciente\/atleta atrav\u00e9s das condi\u00e7\u00f5es que os planos e conv\u00eanios oferecem.<\/p>\n\n\n\n<p>Prezo pela qualidade e resultado no servi\u00e7o prestado, n\u00e3o pela quantidade.<\/p>\n\n\n\n<p class=\"has-text-align-center\"><strong>Sobre sess\u00e3o e tratamento:<\/strong><\/p>\n\n\n\n<figure class=\"wp-block-embed is-type-video is-provider-youtube wp-block-embed-youtube wp-embed-aspect-16-9 wp-has-aspect-ratio\"><div class=\"wp-block-embed__wrapper\">\n<iframe loading=\"lazy\" title=\"Consulta e Tratamento\" width=\"640\" height=\"360\" src=\"https:\/\/www.youtube.com\/embed\/zSmw1Zy2LEo?feature=oembed\" frameborder=\"0\" allow=\"accelerometer; autoplay; clipboard-write; encrypted-media; gyroscope; picture-in-picture; web-share\" referrerpolicy=\"strict-origin-when-cross-origin\" allowfullscreen><\/iframe>\n<\/div><\/figure>\n","protected":false},"excerpt":{"rendered":"<p>O que \u00e9 Fisioterapia Esportiva? Fisioterapia Esportiva \u00e9 uma especialidade reconhecida pelo COFFITO. Para ser especialista \u00e9 necess\u00e1rio fazer uma prova, comprovar experi\u00eancia e t\u00edtulos [&hellip;]<\/p>\n","protected":false},"author":1,"featured_media":0,"parent":0,"menu_order":0,"comment_status":"closed","ping_status":"closed","template":"","meta":{"om_disable_all_campaigns":false,"_monsterinsights_skip_tracking":false,"_monsterinsights_sitenote_active":false,"_monsterinsights_sitenote_note":"","_monsterinsights_sitenote_category":0},"aioseo_notices":[],"_links":{"self":[{"href":"https:\/\/thiagomove.com.br\/index.php?rest_route=\/wp\/v2\/pages\/400"}],"collection":[{"href":"https:\/\/thiagomove.com.br\/index.php?rest_route=\/wp\/v2\/pages"}],"about":[{"href":"https:\/\/thiagomove.com.br\/index.php?rest_route=\/wp\/v2\/types\/page"}],"author":[{"embeddable":true,"href":"https:\/\/thiagomove.com.br\/index.php?rest_route=\/wp\/v2\/users\/1"}],"replies":[{"embeddable":true,"href":"https:\/\/thiagomove.com.br\/index.php?rest_route=%2Fwp%2Fv2%2Fcomments&post=400"}],"version-history":[{"count":10,"href":"https:\/\/thiagomove.com.br\/index.php?rest_route=\/wp\/v2\/pages\/400\/revisions"}],"predecessor-version":[{"id":456,"href":"https:\/\/thiagomove.com.br\/index.php?rest_route=\/wp\/v2\/pages\/400\/revisions\/456"}],"wp:attachment":[{"href":"https:\/\/thiagomove.com.br\/index.php?rest_route=%2Fwp%2Fv2%2Fmedia&parent=400"}],"curies":[{"name":"wp","href":"https:\/\/api.w.org\/{rel}","templated":true}]}}