{"id":5,"date":"2022-09-21T22:20:43","date_gmt":"2022-09-21T22:20:43","guid":{"rendered":"https:\/\/thiagomove.com.br\/?page_id=5"},"modified":"2025-02-26T13:49:45","modified_gmt":"2025-02-26T13:49:45","slug":"sobre","status":"publish","type":"page","link":"https:\/\/thiagomove.com.br\/","title":{"rendered":"SOBRE"},"content":{"rendered":"\n<p class=\"has-text-align-center has-black-color has-text-color has-larger-font-size\"><strong>QUEM SOU EU<\/strong><\/p>\n\n\n\n<p>Muito prazer, sou Thiago Serafim. Se voc\u00ea n\u00e3o me conhece, sou Fisioterapeuta e Mestre pela Universidade do Estado de Santa Catarina (UDESC), S\u00f3cio-Especialista em Fisioterapia Esportiva (SONAFE), P\u00f3s-Graduado em Fisiologia do Exerc\u00edcio, Pesquisador do Laborat\u00f3rio de Psicologia do Esporte (LAPE\/UDESC) e estudante de Doutorado (PPGCMH\/UDESC).<\/p>\n\n\n<div class=\"wp-block-image\">\n<figure class=\"aligncenter size-large is-resized\"><img decoding=\"async\" loading=\"lazy\" src=\"https:\/\/thiagomove.com.br\/wp-content\/uploads\/2025\/02\/IMG_3546-683x1024.jpg\" alt=\"\" class=\"wp-image-463\" width=\"342\" height=\"512\" srcset=\"https:\/\/thiagomove.com.br\/wp-content\/uploads\/2025\/02\/IMG_3546-683x1024.jpg 683w, https:\/\/thiagomove.com.br\/wp-content\/uploads\/2025\/02\/IMG_3546-200x300.jpg 200w, https:\/\/thiagomove.com.br\/wp-content\/uploads\/2025\/02\/IMG_3546-768x1152.jpg 768w, https:\/\/thiagomove.com.br\/wp-content\/uploads\/2025\/02\/IMG_3546-1024x1536.jpg 1024w, https:\/\/thiagomove.com.br\/wp-content\/uploads\/2025\/02\/IMG_3546-1365x2048.jpg 1365w, https:\/\/thiagomove.com.br\/wp-content\/uploads\/2025\/02\/IMG_3546-scaled.jpg 1707w\" sizes=\"(max-width: 342px) 100vw, 342px\" \/><figcaption class=\"wp-element-caption\"><em>Dr. Thiago Serafim &#8211; Crefito 10\/276702-F<br>Mestre e Especialista em Fisioterapia Esportiva<\/em><\/figcaption><\/figure><\/div>\n\n\n<p>Sou um ex-atleta que escolheu a fisioterapia como meio para manter-se ligado ao esporte. Desde ent\u00e3o, j\u00e1 trabalho h\u00e1 quase 10 anos com atletas, profissionais e amadores. Dediquei parte da minha carreira a clubes profissionais de futebol e voleibol profissional, por\u00e9m retornei a Florian\u00f3polis para seguir meu ciclo acad\u00eamico e tamb\u00e9m estar nessa cidade que respira esporte.<\/p>\n\n\n\n<p><strong>Se voc\u00ea est\u00e1 aqui para uma consulta<\/strong>, clique no link <a href=\"https:\/\/wa.me\/message\/MPG46OVUPKG7K1\" title=\"\">aqui<\/a>. Nossa recep\u00e7\u00e3o ir\u00e1 cuidar bem de voc\u00ea. <\/p>\n\n\n\n<p><strong>Se voc\u00ea est\u00e1 aqui pelo conte\u00fado<\/strong>, siga-me tamb\u00e9m no <a href=\"https:\/\/www.instagram.com\/thiagomove\/\" title=\"\">instagram<\/a>, <a href=\"http:\/\/linktr.ee\/moveinment\" title=\"\">podcast<\/a> e <a href=\"https:\/\/www.youtube.com\/@thiagomove\/videos\" title=\"\">youtube<\/a>.<\/p>\n\n\n\n<p class=\"has-text-align-center has-black-color has-text-color has-larger-font-size\"><strong>MINI CURR\u00cdCULO<\/strong><\/p>\n\n\n\n<p><em>Fisioterapeuta (CREFITO 10\/276702-F) \u2013 Universidade do Estado de Santa Catarina (UDESC)<\/em><\/p>\n\n\n\n<p><em>Mestre em Fisioterapia \u2013 UDESC<\/em><\/p>\n\n\n\n<p><em>Doutorando em Ci\u00eancia do Movimento Humano (PPGCMH\/UDESC)<\/em><\/p>\n\n\n\n<p><em>Especialista em Fisioterapia Esportiva<\/em><\/p>\n\n\n\n<p><em>S\u00f3cio-Especialista Sociedade Nacional de Fisioterapia Esportiva (SONAFE)<\/em><\/p>\n\n\n\n<p><em>Professor p\u00f3s-gradua\u00e7\u00e3o PUC &#8211; Curitiba<\/em><\/p>\n\n\n\n<p><em>P\u00f3s-graduado em Fisiologia do Exerc\u00edcio<\/em><\/p>\n\n\n\n<p><em>Pesquisador Laborat\u00f3rio de Psicologia do Esporte (LAPE\/UDESC)<\/em><\/p>\n\n\n\n<p><em>S\u00f3cio Cl\u00ednica <a href=\"https:\/\/www.instagram.com\/omnicaresaude\/\" title=\"\">Omni Care<\/a><\/em><\/p>\n\n\n\n<p><em>Level I Funcional Movement Screen (FMS)<\/em><\/p>\n\n\n\n<p><em>CBF Academy<\/em><\/p>\n\n\n\n<p><em>Ex-Fisioterapeuta CA Tubar\u00e3o (2019) e Respons\u00e1vel cl\u00ednico atletas Brusque FC e Moda V\u00f4lei Brusque (2021\/2022)<\/em><\/p>\n\n\n\n<p><em>Host MovaCast podcast<\/em><\/p>\n","protected":false},"excerpt":{"rendered":"<p>QUEM SOU EU Muito prazer, sou Thiago Serafim. Se voc\u00ea n\u00e3o me conhece, sou Fisioterapeuta e Mestre pela Universidade do Estado de Santa Catarina (UDESC), [&hellip;]<\/p>\n","protected":false},"author":1,"featured_media":0,"parent":0,"menu_order":0,"comment_status":"closed","ping_status":"closed","template":"","meta":{"om_disable_all_campaigns":false,"_monsterinsights_skip_tracking":false,"_monsterinsights_sitenote_active":false,"_monsterinsights_sitenote_note":"","_monsterinsights_sitenote_category":0},"aioseo_notices":[],"_links":{"self":[{"href":"https:\/\/thiagomove.com.br\/index.php?rest_route=\/wp\/v2\/pages\/5"}],"collection":[{"href":"https:\/\/thiagomove.com.br\/index.php?rest_route=\/wp\/v2\/pages"}],"about":[{"href":"https:\/\/thiagomove.com.br\/index.php?rest_route=\/wp\/v2\/types\/page"}],"author":[{"embeddable":true,"href":"https:\/\/thiagomove.com.br\/index.php?rest_route=\/wp\/v2\/users\/1"}],"replies":[{"embeddable":true,"href":"https:\/\/thiagomove.com.br\/index.php?rest_route=%2Fwp%2Fv2%2Fcomments&post=5"}],"version-history":[{"count":19,"href":"https:\/\/thiagomove.com.br\/index.php?rest_route=\/wp\/v2\/pages\/5\/revisions"}],"predecessor-version":[{"id":467,"href":"https:\/\/thiagomove.com.br\/index.php?rest_route=\/wp\/v2\/pages\/5\/revisions\/467"}],"wp:attachment":[{"href":"https:\/\/thiagomove.com.br\/index.php?rest_route=%2Fwp%2Fv2%2Fmedia&parent=5"}],"curies":[{"name":"wp","href":"https:\/\/api.w.org\/{rel}","templated":true}]}}